{"id":12494,"date":"2025-04-04T19:14:55","date_gmt":"2025-04-04T17:14:55","guid":{"rendered":"http:\/\/18.159.216.47\/?page_id=12494"},"modified":"2025-04-09T17:17:16","modified_gmt":"2025-04-09T15:17:16","slug":"piano-debiti-otb-ty-page","status":"publish","type":"page","link":"https:\/\/terapie-efficaci.com\/index.php\/piano-debiti-otb-ty-page\/","title":{"rendered":"Piano debiti &#8211; OTB &#8211; TY PAGE"},"content":{"rendered":"\t\t<div data-elementor-type=\"wp-page\" data-elementor-id=\"12494\" class=\"elementor elementor-12494\" data-elementor-post-type=\"page\">\n\t\t\t\t\t\t<section class=\"elementor-section elementor-top-section elementor-element elementor-element-9d6f4e4 elementor-section-boxed elementor-section-height-default elementor-section-height-default\" data-id=\"9d6f4e4\" data-element_type=\"section\" data-e-type=\"section\" data-settings=\"{&quot;background_background&quot;:&quot;classic&quot;}\">\n\t\t\t\t\t\t<div class=\"elementor-container elementor-column-gap-no\">\n\t\t\t\t\t<div class=\"elementor-column elementor-col-100 elementor-top-column elementor-element elementor-element-78d8690d\" data-id=\"78d8690d\" data-element_type=\"column\" data-e-type=\"column\" data-settings=\"{&quot;background_background&quot;:&quot;classic&quot;}\">\n\t\t\t<div class=\"elementor-widget-wrap elementor-element-populated\">\n\t\t\t\t\t\t<section class=\"elementor-section elementor-inner-section elementor-element elementor-element-11c04f65 elementor-section-full_width elementor-section-height-default elementor-section-height-default\" data-id=\"11c04f65\" data-element_type=\"section\" data-e-type=\"section\" data-settings=\"{&quot;background_background&quot;:&quot;classic&quot;}\">\n\t\t\t\t\t\t<div class=\"elementor-container elementor-column-gap-no\">\n\t\t\t\t\t<div class=\"elementor-column elementor-col-100 elementor-inner-column elementor-element elementor-element-64300975\" data-id=\"64300975\" data-element_type=\"column\" data-e-type=\"column\">\n\t\t\t<div class=\"elementor-widget-wrap elementor-element-populated\">\n\t\t\t\t\t\t<div class=\"elementor-element elementor-element-807cbbd elementor-widget elementor-widget-spacer\" data-id=\"807cbbd\" data-element_type=\"widget\" data-e-type=\"widget\" data-widget_type=\"spacer.default\">\n\t\t\t\t<div class=\"elementor-widget-container\">\n\t\t\t\t\t\t\t<div class=\"elementor-spacer\">\n\t\t\t<div class=\"elementor-spacer-inner\"><\/div>\n\t\t<\/div>\n\t\t\t\t\t\t<\/div>\n\t\t\t\t<\/div>\n\t\t\t\t<div class=\"elementor-element elementor-element-5f79b02 elementor-widget elementor-widget-heading\" data-id=\"5f79b02\" data-element_type=\"widget\" data-e-type=\"widget\" data-widget_type=\"heading.default\">\n\t\t\t\t<div class=\"elementor-widget-container\">\n\t\t\t\t\t<h1 class=\"elementor-heading-title elementor-size-default\"><b>Abbiamo ricevuto la tua richiesta! <\/b><\/h1>\t\t\t\t<\/div>\n\t\t\t\t<\/div>\n\t\t\t\t<div class=\"elementor-element elementor-element-f0c08fd elementor-widget elementor-widget-image\" data-id=\"f0c08fd\" data-element_type=\"widget\" data-e-type=\"widget\" data-widget_type=\"image.default\">\n\t\t\t\t<div class=\"elementor-widget-container\">\n\t\t\t\t\t\t\t\t\t\t\t\t\t\t\t<img fetchpriority=\"high\" decoding=\"async\" width=\"500\" height=\"100\" src=\"https:\/\/terapie-efficaci.com\/wp-content\/uploads\/2025\/04\/pianodebiti-logo_3x.png\" class=\"attachment-large size-large wp-image-12496\" alt=\"\" srcset=\"https:\/\/terapie-efficaci.com\/wp-content\/uploads\/2025\/04\/pianodebiti-logo_3x.png 500w, https:\/\/terapie-efficaci.com\/wp-content\/uploads\/2025\/04\/pianodebiti-logo_3x-300x60.png 300w\" sizes=\"(max-width: 500px) 100vw, 500px\" \/>\t\t\t\t\t\t\t\t\t\t\t\t\t\t\t<\/div>\n\t\t\t\t<\/div>\n\t\t\t\t<div class=\"elementor-element elementor-element-5339e68 elementor-widget elementor-widget-heading\" data-id=\"5339e68\" data-element_type=\"widget\" data-e-type=\"widget\" data-widget_type=\"heading.default\">\n\t\t\t\t<div class=\"elementor-widget-container\">\n\t\t\t\t\t<h1 class=\"elementor-heading-title elementor-size-default\"><b>Cosa succede adesso? (Leggi attentamente) <\/b><\/h1>\t\t\t\t<\/div>\n\t\t\t\t<\/div>\n\t\t\t\t<div class=\"elementor-element elementor-element-ce0436f elementor-widget elementor-widget-heading\" data-id=\"ce0436f\" data-element_type=\"widget\" data-e-type=\"widget\" data-widget_type=\"heading.default\">\n\t\t\t\t<div class=\"elementor-widget-container\">\n\t\t\t\t\t<h1 class=\"elementor-heading-title elementor-size-default\"><b>A breve un esperto di Piano Debiti sar\u00e0 in contatto con te<\/b><\/h1>\t\t\t\t<\/div>\n\t\t\t\t<\/div>\n\t\t\t\t<div class=\"elementor-element elementor-element-6ea8382e elementor-widget elementor-widget-text-editor\" data-id=\"6ea8382e\" data-element_type=\"widget\" data-e-type=\"widget\" data-widget_type=\"text-editor.default\">\n\t\t\t\t<div class=\"elementor-widget-container\">\n\t\t\t\t\t\t\t\t\t<p>Pochi passaggi ti separano dallo scoprire se puoi ridurre o eliminare del tutto i tuoi debiti:\u00a0<\/p><p><strong>1<\/strong><b>) Un esperto di PianoDebiti<\/b> ti chiamer\u00e0 al telefono per capire meglio la tua situazione debiti \u2014 non sei sicuro di aver inserito il numero corretto? <a href=\"https:\/\/form.fillout.com\/t\/rLySA8nQg2us\"><strong><span style=\"color: #993366;\">Compila di nuovo il modulo qua<\/span><\/strong>.<\/a><\/p><p><b>2) Potrai valutare insieme a <\/b>loro la tua situazione e le probabilit\u00e0 di poter risolvere il tuo debito (gratis e senza impegno)\u00a0\u00a0<\/p><p><b>3) Se desideri, potrai iniziare a ridurre o eliminare il tuo debito\u00a0<\/b><\/p>\t\t\t\t\t\t\t\t<\/div>\n\t\t\t\t<\/div>\n\t\t\t\t<div class=\"elementor-element elementor-element-dc7c59f elementor-widget elementor-widget-heading\" data-id=\"dc7c59f\" data-element_type=\"widget\" data-e-type=\"widget\" data-widget_type=\"heading.default\">\n\t\t\t\t<div class=\"elementor-widget-container\">\n\t\t\t\t\t<h1 class=\"elementor-heading-title elementor-size-default\"><b>Nel frattempo, guarda altre testimonianze di Piano Debiti<\/b><\/h1>\t\t\t\t<\/div>\n\t\t\t\t<\/div>\n\t\t\t\t<div class=\"elementor-element elementor-element-553d040 elementor-widget elementor-widget-text-editor\" data-id=\"553d040\" data-element_type=\"widget\" data-e-type=\"widget\" data-widget_type=\"text-editor.default\">\n\t\t\t\t<div class=\"elementor-widget-container\">\n\t\t\t\t\t\t\t\t\t<h5>La storia di Enrico: finalmente libero da un debito di \u20ac350.000<\/h5>\t\t\t\t\t\t\t\t<\/div>\n\t\t\t\t<\/div>\n\t\t\t\t<div class=\"elementor-element elementor-element-c68f22a elementor-widget elementor-widget-video\" data-id=\"c68f22a\" data-element_type=\"widget\" data-e-type=\"widget\" data-settings=\"{&quot;youtube_url&quot;:&quot;https:\\\/\\\/www.youtube.com\\\/watch?v=uQHJwIrJb9s&quot;,&quot;lazy_load&quot;:&quot;yes&quot;,&quot;video_type&quot;:&quot;youtube&quot;,&quot;controls&quot;:&quot;yes&quot;}\" data-widget_type=\"video.default\">\n\t\t\t\t<div class=\"elementor-widget-container\">\n\t\t\t\t\t\t\t<div class=\"elementor-wrapper elementor-open-inline\">\n\t\t\t<div class=\"elementor-video\"><\/div>\t\t<\/div>\n\t\t\t\t\t\t<\/div>\n\t\t\t\t<\/div>\n\t\t\t\t<div class=\"elementor-element elementor-element-89cd090 elementor-widget elementor-widget-text-editor\" data-id=\"89cd090\" data-element_type=\"widget\" data-e-type=\"widget\" data-widget_type=\"text-editor.default\">\n\t\t\t\t<div class=\"elementor-widget-container\">\n\t\t\t\t\t\t\t\t\t<h5>La storia di Tiziano: cancellato un debito da \u20ac90.000<\/h5>\t\t\t\t\t\t\t\t<\/div>\n\t\t\t\t<\/div>\n\t\t\t\t<div class=\"elementor-element elementor-element-4531180 elementor-widget elementor-widget-video\" data-id=\"4531180\" data-element_type=\"widget\" data-e-type=\"widget\" data-settings=\"{&quot;youtube_url&quot;:&quot;https:\\\/\\\/www.youtube.com\\\/watch?v=GHM7DybQLJY&quot;,&quot;lazy_load&quot;:&quot;yes&quot;,&quot;video_type&quot;:&quot;youtube&quot;,&quot;controls&quot;:&quot;yes&quot;}\" data-widget_type=\"video.default\">\n\t\t\t\t<div class=\"elementor-widget-container\">\n\t\t\t\t\t\t\t<div class=\"elementor-wrapper elementor-open-inline\">\n\t\t\t<div class=\"elementor-video\"><\/div>\t\t<\/div>\n\t\t\t\t\t\t<\/div>\n\t\t\t\t<\/div>\n\t\t\t\t<div class=\"elementor-element elementor-element-7c8275f elementor-widget elementor-widget-text-editor\" data-id=\"7c8275f\" data-element_type=\"widget\" data-e-type=\"widget\" data-widget_type=\"text-editor.default\">\n\t\t\t\t<div class=\"elementor-widget-container\">\n\t\t\t\t\t\t\t\t\t<h5>Matteo Arata a Report\u00a0<\/h5>\t\t\t\t\t\t\t\t<\/div>\n\t\t\t\t<\/div>\n\t\t\t\t<div class=\"elementor-element elementor-element-89f310e elementor-widget elementor-widget-video\" data-id=\"89f310e\" data-element_type=\"widget\" data-e-type=\"widget\" data-settings=\"{&quot;youtube_url&quot;:&quot;https:\\\/\\\/www.youtube.com\\\/watch?v=E4-32avVVIY&quot;,&quot;lazy_load&quot;:&quot;yes&quot;,&quot;video_type&quot;:&quot;youtube&quot;,&quot;controls&quot;:&quot;yes&quot;}\" data-widget_type=\"video.default\">\n\t\t\t\t<div class=\"elementor-widget-container\">\n\t\t\t\t\t\t\t<div class=\"elementor-wrapper elementor-open-inline\">\n\t\t\t<div class=\"elementor-video\"><\/div>\t\t<\/div>\n\t\t\t\t\t\t<\/div>\n\t\t\t\t<\/div>\n\t\t\t\t<div class=\"elementor-element elementor-element-283dae5 elementor-widget elementor-widget-text-editor\" data-id=\"283dae5\" data-element_type=\"widget\" data-e-type=\"widget\" data-widget_type=\"text-editor.default\">\n\t\t\t\t<div class=\"elementor-widget-container\">\n\t\t\t\t\t\t\t\t\t<h5>Matteo Arata a RaiNews24<\/h5>\t\t\t\t\t\t\t\t<\/div>\n\t\t\t\t<\/div>\n\t\t\t\t<div class=\"elementor-element elementor-element-1bf2fe2 elementor-widget elementor-widget-video\" data-id=\"1bf2fe2\" data-element_type=\"widget\" data-e-type=\"widget\" data-settings=\"{&quot;youtube_url&quot;:&quot;https:\\\/\\\/www.youtube.com\\\/watch?v=W-yU2byBY54&quot;,&quot;lazy_load&quot;:&quot;yes&quot;,&quot;video_type&quot;:&quot;youtube&quot;,&quot;controls&quot;:&quot;yes&quot;}\" data-widget_type=\"video.default\">\n\t\t\t\t<div class=\"elementor-widget-container\">\n\t\t\t\t\t\t\t<div class=\"elementor-wrapper elementor-open-inline\">\n\t\t\t<div class=\"elementor-video\"><\/div>\t\t<\/div>\n\t\t\t\t\t\t<\/div>\n\t\t\t\t<\/div>\n\t\t\t\t<div class=\"elementor-element elementor-element-729ff4e elementor-widget-divider--view-line elementor-widget elementor-widget-divider\" data-id=\"729ff4e\" data-element_type=\"widget\" data-e-type=\"widget\" data-widget_type=\"divider.default\">\n\t\t\t\t<div class=\"elementor-widget-container\">\n\t\t\t\t\t\t\t<div class=\"elementor-divider\">\n\t\t\t<span class=\"elementor-divider-separator\">\n\t\t\t\t\t\t<\/span>\n\t\t<\/div>\n\t\t\t\t\t\t<\/div>\n\t\t\t\t<\/div>\n\t\t\t\t<div class=\"elementor-element elementor-element-3d5231a elementor-widget elementor-widget-text-editor\" data-id=\"3d5231a\" data-element_type=\"widget\" data-e-type=\"widget\" data-widget_type=\"text-editor.default\">\n\t\t\t\t<div class=\"elementor-widget-container\">\n\t\t\t\t\t\t\t\t\t<p>2025 Tutti i Diritti Riservati\u00a0 \u2013\u00a0<a href=\"https:\/\/pianodebiti.it\/privacy-policy\/\">Privacy &amp; Cookie Policy<\/a>\u00a0&#8211; info@pianodebiti.it\u00a0<\/p>\t\t\t\t\t\t\t\t<\/div>\n\t\t\t\t<\/div>\n\t\t\t\t<div class=\"elementor-element elementor-element-e14fd30 elementor-widget elementor-widget-text-editor\" data-id=\"e14fd30\" data-element_type=\"widget\" data-e-type=\"widget\" data-widget_type=\"text-editor.default\">\n\t\t\t\t<div class=\"elementor-widget-container\">\n\t\t\t\t\t\t\t\t\t<p>QUESTA PAGINA WEB NON RAPPRESENTA UNA TESTATA GIORNALISTICA, UN SITO DI INFORMAZIONE O UN BLOG. SI TRATTA DI UNA PAGINA WEB FINALIZZATA ALLE PUBBLICAZIONI PROMOZIONALI CHE IMPIEGANO LA TECNICA DELLO STORY TELLING PER ILLUSTRARE LA PORTATA DEI SERVIZI E DEI PRODOTTI PROPOSTI. LA STORIA RACCONTATA IN QUESTA PAGINA PERTANTO COSTITUISCE UN ADVERTORIAL O PUBBLICIT\u00c0 CON SCOPO INFORMATIVO, FUNZIONALE A FAR COMPRENDERE IL POTENZIALE DI QUANTO PROPOSTO.<\/p>\t\t\t\t\t\t\t\t<\/div>\n\t\t\t\t<\/div>\n\t\t\t\t<div class=\"elementor-element elementor-element-a54bc6d elementor-widget elementor-widget-text-editor\" data-id=\"a54bc6d\" data-element_type=\"widget\" data-e-type=\"widget\" data-widget_type=\"text-editor.default\">\n\t\t\t\t<div class=\"elementor-widget-container\">\n\t\t\t\t\t\t\t\t\t<p><span style=\"color: var( --e-global-color-text );\">*addio-debiti.net non possono e non forniscono alcuna garanzia in merito alla cancellazione o riduzione del debito con le nostre idee, informazioni, strumenti o strategie.<\/span><\/p><p>Nulla in questa pagina \u00e8 una promessa o garanzia di risultati con pianodebiti.it Tutti i casi\/testimonianze a cui si fa riferimento qui sono solo rappresentativi e non devono essere considerati garanzie o promesse.<\/p><p><span style=\"font-weight: 400;\">Ogni situazione \u00e8 unica e rappresenta un caso a s\u00e9. Piano Debiti non pu\u00f2 fornire, per codice etico, alcuna garanzia in merito alla cancellazione o alla riduzione del debito.\u00a0<\/span><\/p>\t\t\t\t\t\t\t\t<\/div>\n\t\t\t\t<\/div>\n\t\t\t\t\t<\/div>\n\t\t<\/div>\n\t\t\t\t\t<\/div>\n\t\t<\/section>\n\t\t\t\t\t<\/div>\n\t\t<\/div>\n\t\t\t\t\t<\/div>\n\t\t<\/section>\n\t\t\t\t<\/div>\n\t\t","protected":false},"excerpt":{"rendered":"<p>Abbiamo ricevuto la tua richiesta! Cosa succede adesso? (Leggi attentamente) A breve un esperto di Piano Debiti sar\u00e0 in contatto con te Pochi passaggi ti separano dallo scoprire se puoi ridurre o eliminare del tutto i tuoi debiti:\u00a0 1) Un esperto di PianoDebiti ti chiamer\u00e0 al telefono per capire meglio la tua situazione debiti \u2014 [&hellip;]<\/p>\n","protected":false},"author":9,"featured_media":0,"parent":0,"menu_order":0,"comment_status":"closed","ping_status":"closed","template":"elementor_canvas","meta":{"footnotes":""},"folder":[54],"class_list":["post-12494","page","type-page","status-publish","hentry"],"yoast_head":"<!-- This site is optimized with the Yoast SEO plugin v27.3 - https:\/\/yoast.com\/product\/yoast-seo-wordpress\/ -->\n<title>terapie-efficaci.com<\/title>\n<meta name=\"robots\" content=\"index, follow, max-snippet:-1, max-image-preview:large, max-video-preview:-1\" \/>\n<link rel=\"canonical\" href=\"https:\/\/viveresenzagas.com\/index.php\/piano-debiti-otb-ty-page\/\" \/>\n<meta property=\"og:locale\" content=\"it_IT\" \/>\n<meta property=\"og:type\" content=\"article\" \/>\n<meta property=\"og:title\" content=\"terapie-efficaci.com\" \/>\n<meta property=\"og:description\" content=\"Abbiamo ricevuto la tua richiesta! Cosa succede adesso? (Leggi attentamente) A breve un esperto di Piano Debiti sar\u00e0 in contatto con te Pochi passaggi ti separano dallo scoprire se puoi ridurre o eliminare del tutto i tuoi debiti:\u00a0 1) Un esperto di PianoDebiti ti chiamer\u00e0 al telefono per capire meglio la tua situazione debiti \u2014 [&hellip;]\" \/>\n<meta property=\"og:url\" content=\"https:\/\/viveresenzagas.com\/index.php\/piano-debiti-otb-ty-page\/\" \/>\n<meta property=\"og:site_name\" content=\"Notizie Aggiornate\" \/>\n<meta property=\"article:modified_time\" content=\"2025-04-09T15:17:16+00:00\" \/>\n<meta property=\"og:image\" content=\"http:\/\/caricamento-articolo-in-corso.it\/wp-content\/uploads\/2025\/04\/pianodebiti-logo_3x.png\" \/>\n<meta name=\"twitter:card\" content=\"summary_large_image\" \/>\n<meta name=\"twitter:label1\" content=\"Tempo di lettura stimato\" \/>\n\t<meta name=\"twitter:data1\" content=\"2 minuti\" \/>\n<script type=\"application\/ld+json\" class=\"yoast-schema-graph\">{\"@context\":\"https:\\\/\\\/schema.org\",\"@graph\":[{\"@type\":\"WebPage\",\"@id\":\"https:\\\/\\\/viveresenzagas.com\\\/index.php\\\/piano-debiti-otb-ty-page\\\/\",\"url\":\"https:\\\/\\\/viveresenzagas.com\\\/index.php\\\/piano-debiti-otb-ty-page\\\/\",\"name\":\"terapie-efficaci.com\",\"isPartOf\":{\"@id\":\"https:\\\/\\\/lingue-facili.com\\\/#website\"},\"primaryImageOfPage\":{\"@id\":\"https:\\\/\\\/viveresenzagas.com\\\/index.php\\\/piano-debiti-otb-ty-page\\\/#primaryimage\"},\"image\":{\"@id\":\"https:\\\/\\\/viveresenzagas.com\\\/index.php\\\/piano-debiti-otb-ty-page\\\/#primaryimage\"},\"thumbnailUrl\":\"http:\\\/\\\/caricamento-articolo-in-corso.it\\\/wp-content\\\/uploads\\\/2025\\\/04\\\/pianodebiti-logo_3x.png\",\"datePublished\":\"2025-04-04T17:14:55+00:00\",\"dateModified\":\"2025-04-09T15:17:16+00:00\",\"breadcrumb\":{\"@id\":\"https:\\\/\\\/viveresenzagas.com\\\/index.php\\\/piano-debiti-otb-ty-page\\\/#breadcrumb\"},\"inLanguage\":\"it-IT\",\"potentialAction\":[{\"@type\":\"ReadAction\",\"target\":[\"https:\\\/\\\/viveresenzagas.com\\\/index.php\\\/piano-debiti-otb-ty-page\\\/\"]}]},{\"@type\":\"ImageObject\",\"inLanguage\":\"it-IT\",\"@id\":\"https:\\\/\\\/viveresenzagas.com\\\/index.php\\\/piano-debiti-otb-ty-page\\\/#primaryimage\",\"url\":\"http:\\\/\\\/caricamento-articolo-in-corso.it\\\/wp-content\\\/uploads\\\/2025\\\/04\\\/pianodebiti-logo_3x.png\",\"contentUrl\":\"http:\\\/\\\/caricamento-articolo-in-corso.it\\\/wp-content\\\/uploads\\\/2025\\\/04\\\/pianodebiti-logo_3x.png\"},{\"@type\":\"BreadcrumbList\",\"@id\":\"https:\\\/\\\/viveresenzagas.com\\\/index.php\\\/piano-debiti-otb-ty-page\\\/#breadcrumb\",\"itemListElement\":[{\"@type\":\"ListItem\",\"position\":1,\"name\":\"Home\",\"item\":\"https:\\\/\\\/lingue-facili.com\\\/\"},{\"@type\":\"ListItem\",\"position\":2,\"name\":\"Piano debiti &#8211; OTB &#8211; TY PAGE\"}]},{\"@type\":\"WebSite\",\"@id\":\"https:\\\/\\\/lingue-facili.com\\\/#website\",\"url\":\"https:\\\/\\\/lingue-facili.com\\\/\",\"name\":\"Notizie Aggiornate\",\"description\":\"\",\"potentialAction\":[{\"@type\":\"SearchAction\",\"target\":{\"@type\":\"EntryPoint\",\"urlTemplate\":\"https:\\\/\\\/lingue-facili.com\\\/?s={search_term_string}\"},\"query-input\":{\"@type\":\"PropertyValueSpecification\",\"valueRequired\":true,\"valueName\":\"search_term_string\"}}],\"inLanguage\":\"it-IT\"}]}<\/script>\n<!-- \/ Yoast SEO plugin. -->","yoast_head_json":{"title":"terapie-efficaci.com","robots":{"index":"index","follow":"follow","max-snippet":"max-snippet:-1","max-image-preview":"max-image-preview:large","max-video-preview":"max-video-preview:-1"},"canonical":"https:\/\/viveresenzagas.com\/index.php\/piano-debiti-otb-ty-page\/","og_locale":"it_IT","og_type":"article","og_title":"terapie-efficaci.com","og_description":"Abbiamo ricevuto la tua richiesta! Cosa succede adesso? (Leggi attentamente) A breve un esperto di Piano Debiti sar\u00e0 in contatto con te Pochi passaggi ti separano dallo scoprire se puoi ridurre o eliminare del tutto i tuoi debiti:\u00a0 1) Un esperto di PianoDebiti ti chiamer\u00e0 al telefono per capire meglio la tua situazione debiti \u2014 [&hellip;]","og_url":"https:\/\/viveresenzagas.com\/index.php\/piano-debiti-otb-ty-page\/","og_site_name":"Notizie Aggiornate","article_modified_time":"2025-04-09T15:17:16+00:00","og_image":[{"url":"http:\/\/caricamento-articolo-in-corso.it\/wp-content\/uploads\/2025\/04\/pianodebiti-logo_3x.png","type":"","width":"","height":""}],"twitter_card":"summary_large_image","twitter_misc":{"Tempo di lettura stimato":"2 minuti"},"schema":{"@context":"https:\/\/schema.org","@graph":[{"@type":"WebPage","@id":"https:\/\/viveresenzagas.com\/index.php\/piano-debiti-otb-ty-page\/","url":"https:\/\/viveresenzagas.com\/index.php\/piano-debiti-otb-ty-page\/","name":"terapie-efficaci.com","isPartOf":{"@id":"https:\/\/lingue-facili.com\/#website"},"primaryImageOfPage":{"@id":"https:\/\/viveresenzagas.com\/index.php\/piano-debiti-otb-ty-page\/#primaryimage"},"image":{"@id":"https:\/\/viveresenzagas.com\/index.php\/piano-debiti-otb-ty-page\/#primaryimage"},"thumbnailUrl":"http:\/\/caricamento-articolo-in-corso.it\/wp-content\/uploads\/2025\/04\/pianodebiti-logo_3x.png","datePublished":"2025-04-04T17:14:55+00:00","dateModified":"2025-04-09T15:17:16+00:00","breadcrumb":{"@id":"https:\/\/viveresenzagas.com\/index.php\/piano-debiti-otb-ty-page\/#breadcrumb"},"inLanguage":"it-IT","potentialAction":[{"@type":"ReadAction","target":["https:\/\/viveresenzagas.com\/index.php\/piano-debiti-otb-ty-page\/"]}]},{"@type":"ImageObject","inLanguage":"it-IT","@id":"https:\/\/viveresenzagas.com\/index.php\/piano-debiti-otb-ty-page\/#primaryimage","url":"http:\/\/caricamento-articolo-in-corso.it\/wp-content\/uploads\/2025\/04\/pianodebiti-logo_3x.png","contentUrl":"http:\/\/caricamento-articolo-in-corso.it\/wp-content\/uploads\/2025\/04\/pianodebiti-logo_3x.png"},{"@type":"BreadcrumbList","@id":"https:\/\/viveresenzagas.com\/index.php\/piano-debiti-otb-ty-page\/#breadcrumb","itemListElement":[{"@type":"ListItem","position":1,"name":"Home","item":"https:\/\/lingue-facili.com\/"},{"@type":"ListItem","position":2,"name":"Piano debiti &#8211; OTB &#8211; TY PAGE"}]},{"@type":"WebSite","@id":"https:\/\/lingue-facili.com\/#website","url":"https:\/\/lingue-facili.com\/","name":"Notizie Aggiornate","description":"","potentialAction":[{"@type":"SearchAction","target":{"@type":"EntryPoint","urlTemplate":"https:\/\/lingue-facili.com\/?s={search_term_string}"},"query-input":{"@type":"PropertyValueSpecification","valueRequired":true,"valueName":"search_term_string"}}],"inLanguage":"it-IT"}]}},"_links":{"self":[{"href":"https:\/\/terapie-efficaci.com\/index.php\/wp-json\/wp\/v2\/pages\/12494","targetHints":{"allow":["GET"]}}],"collection":[{"href":"https:\/\/terapie-efficaci.com\/index.php\/wp-json\/wp\/v2\/pages"}],"about":[{"href":"https:\/\/terapie-efficaci.com\/index.php\/wp-json\/wp\/v2\/types\/page"}],"author":[{"embeddable":true,"href":"https:\/\/terapie-efficaci.com\/index.php\/wp-json\/wp\/v2\/users\/9"}],"replies":[{"embeddable":true,"href":"https:\/\/terapie-efficaci.com\/index.php\/wp-json\/wp\/v2\/comments?post=12494"}],"version-history":[{"count":23,"href":"https:\/\/terapie-efficaci.com\/index.php\/wp-json\/wp\/v2\/pages\/12494\/revisions"}],"predecessor-version":[{"id":12529,"href":"https:\/\/terapie-efficaci.com\/index.php\/wp-json\/wp\/v2\/pages\/12494\/revisions\/12529"}],"wp:attachment":[{"href":"https:\/\/terapie-efficaci.com\/index.php\/wp-json\/wp\/v2\/media?parent=12494"}],"wp:term":[{"taxonomy":"folder","embeddable":true,"href":"https:\/\/terapie-efficaci.com\/index.php\/wp-json\/wp\/v2\/folder?post=12494"}],"curies":[{"name":"wp","href":"https:\/\/api.w.org\/{rel}","templated":true}]}}